{"id":1233,"date":"2024-12-04T19:34:59","date_gmt":"2024-12-04T19:34:59","guid":{"rendered":"https:\/\/www.coverit.fi\/?page_id=1233"},"modified":"2026-02-23T19:53:19","modified_gmt":"2026-02-23T19:53:19","slug":"info","status":"publish","type":"page","link":"https:\/\/www.coverit.fi\/?page_id=1233","title":{"rendered":"Info"},"content":{"rendered":"<!-- wp:themify-builder\/canvas \/-->","protected":false},"excerpt":{"rendered":"","protected":false},"author":1,"featured_media":0,"parent":0,"menu_order":0,"comment_status":"closed","ping_status":"closed","template":"","meta":{"ocean_post_layout":"","ocean_both_sidebars_style":"","ocean_both_sidebars_content_width":0,"ocean_both_sidebars_sidebars_width":0,"ocean_sidebar":"","ocean_second_sidebar":"","ocean_disable_margins":"enable","ocean_add_body_class":"","ocean_shortcode_before_top_bar":"","ocean_shortcode_after_top_bar":"","ocean_shortcode_before_header":"","ocean_shortcode_after_header":"","ocean_has_shortcode":"","ocean_shortcode_after_title":"","ocean_shortcode_before_footer_widgets":"","ocean_shortcode_after_footer_widgets":"","ocean_shortcode_before_footer_bottom":"","ocean_shortcode_after_footer_bottom":"","ocean_display_top_bar":"default","ocean_display_header":"default","ocean_header_style":"","ocean_center_header_left_menu":"","ocean_custom_header_template":"","ocean_custom_logo":0,"ocean_custom_retina_logo":0,"ocean_custom_logo_max_width":0,"ocean_custom_logo_tablet_max_width":0,"ocean_custom_logo_mobile_max_width":0,"ocean_custom_logo_max_height":0,"ocean_custom_logo_tablet_max_height":0,"ocean_custom_logo_mobile_max_height":0,"ocean_header_custom_menu":"","ocean_menu_typo_font_family":"","ocean_menu_typo_font_subset":"","ocean_menu_typo_font_size":0,"ocean_menu_typo_font_size_tablet":0,"ocean_menu_typo_font_size_mobile":0,"ocean_menu_typo_font_size_unit":"px","ocean_menu_typo_font_weight":"","ocean_menu_typo_font_weight_tablet":"","ocean_menu_typo_font_weight_mobile":"","ocean_menu_typo_transform":"","ocean_menu_typo_transform_tablet":"","ocean_menu_typo_transform_mobile":"","ocean_menu_typo_line_height":0,"ocean_menu_typo_line_height_tablet":0,"ocean_menu_typo_line_height_mobile":0,"ocean_menu_typo_line_height_unit":"","ocean_menu_typo_spacing":0,"ocean_menu_typo_spacing_tablet":0,"ocean_menu_typo_spacing_mobile":0,"ocean_menu_typo_spacing_unit":"","ocean_menu_link_color":"","ocean_menu_link_color_hover":"","ocean_menu_link_color_active":"","ocean_menu_link_background":"","ocean_menu_link_hover_background":"","ocean_menu_link_active_background":"","ocean_menu_social_links_bg":"","ocean_menu_social_hover_links_bg":"","ocean_menu_social_links_color":"","ocean_menu_social_hover_links_color":"","ocean_disable_title":"default","ocean_disable_heading":"default","ocean_post_title":"","ocean_post_subheading":"","ocean_post_title_style":"","ocean_post_title_background_color":"","ocean_post_title_background":0,"ocean_post_title_bg_image_position":"","ocean_post_title_bg_image_attachment":"","ocean_post_title_bg_image_repeat":"","ocean_post_title_bg_image_size":"","ocean_post_title_height":0,"ocean_post_title_bg_overlay":0.5,"ocean_post_title_bg_overlay_color":"","ocean_disable_breadcrumbs":"default","ocean_breadcrumbs_color":"","ocean_breadcrumbs_separator_color":"","ocean_breadcrumbs_links_color":"","ocean_breadcrumbs_links_hover_color":"","ocean_display_footer_widgets":"default","ocean_display_footer_bottom":"default","ocean_custom_footer_template":"","omw_enable_modal_window":"enable","iawp_total_views":402,"footnotes":""},"class_list":["post-1233","page","type-page","status-publish","hentry","entry"],"builder_content":"<h2>YLEISINFO TILAAJALLE<br\/>P\u00e4ivitetty 23.2.2026<\/h2>\n<p>Olemme koonneet t\u00e4h\u00e4n t\u00e4rkeimm\u00e4t k\u00e4yt\u00e4nn\u00f6n asiat, jotta juhlap\u00e4iv\u00e4 etenee vaivattomasti ja hallitusti \u2013 niin teid\u00e4n, vieraidenne kuin esiintyjienkin n\u00e4k\u00f6kulmasta.<\/p>\n<ul><li><h4>Ohjelmisto<\/h4><p data-start=\"813\" data-end=\"962\">Jokainen juhla ja yritystilaisuus on ainutlaatuinen, siksi my\u00f6s esitett\u00e4v\u00e4 ohjelmisto suunnitellaan aina tilaisuuden luonteen ja toiveidenne mukaan.<\/p> <p data-start=\"964\" data-end=\"1178\">Mit\u00e4 aiemmin saamme tiet\u00e4\u00e4 mahdollisista erityistoiveista \u2013 esimerkiksi h\u00e4\u00e4tanssista, juhlien teemasta tai yritystilaisuuden kansainv\u00e4lisest\u00e4 yleis\u00f6st\u00e4 \u2013 sit\u00e4 paremmin voimme viimeistell\u00e4 kokonaisuuden.<\/p> <ul> <li>Rakennamme setit toiveidenne pohjalta<\/li> <li>Toteutamme h\u00e4\u00e4tanssin aina toiveiden mukaisesti<\/li> <li>Sovitamme illan musiikillisen kaaren tilaisuuden rytmiin<\/li> <li>Reagoimme tilanteeseen ja luemme yleis\u00f6\u00e4 \u2013 tarvittaessa muokkaamme ohjelmistoa lennosta illan aikana<br><br><\/li> <\/ul> <p><a href=\"https:\/\/www.coverit.fi\/wp-content\/uploads\/2025\/07\/Toivotuimmat-soitetuimmat-2025.pdf\" target=\"_blank\" rel=\"noopener\">Toivotuimpien ja soitetuimpien kappaleiden listasta (PDF)<\/a> voitte valita suosikkejanne ja n\u00e4iden toiveiden pohjalta rakennamme alustavat settilistat. Emme kuitenkaan k\u00e4yt\u00e4 kiveenhakattuja settilistoja. Ammattitaitoinen live-esiintyminen perustuu tunnelman aistimiseen ja siihen reagointiin \u2013 juuri t\u00e4st\u00e4 syntyy el\u00e4myksellisyys.<\/p><\/li><\/ul>\n<ul><li><h4>Varaaminen ja sopimukset<\/h4><p>Varaaminen k\u00e4y n\u00e4pp\u00e4r\u00e4sti! Tarvitsemme tarjouksen laatimista varten seuraavat tiedot:<\/p> <ul> <li>P\u00e4iv\u00e4m\u00e4\u00e4r\u00e4<\/li> <li>Esiintymispaikka<\/li> <li>Tilaisuuden luonne (h\u00e4\u00e4t, yritysjuhlat jne)<\/li> <li>Toivottu esiintymiskokonaisuus<br><br><\/li> <\/ul> <p>Laadimme yksil\u00f6llisen tarjouksen antamienne tietojen pohjalta. Kun hyv\u00e4ksytte tarjouksen, varaamme p\u00e4iv\u00e4m\u00e4\u00e4r\u00e4n yksinoikeudella teille.<\/p> <p><a href=\"https:\/\/www.coverit.fi\/?page_id=1112#yhteys\">Tarjouspyynn\u00f6n voitte tehd\u00e4 t\u00e4\u00e4ll\u00e4<\/a>.<\/p><\/li><\/ul>\n<ul><li><h4>Rakennus ja aikataulutus<\/h4><p data-start=\"181\" data-end=\"477\">Arvostamme juhlanne estetiikkaa ja kokonaisilmett\u00e4. Saavumme paikalle noin kaksi tuntia ennen vieraita, jotta voimme rakentaa esiintymistekniikan ja tehd\u00e4 soundcheckin rauhassa valmiiksi ennen tilaisuuden alkua. N\u00e4in juhlan tunnelma s\u00e4ilyy alusta alkaen yhten\u00e4isen\u00e4 ja viimeisteltyn\u00e4.<\/p> <p data-start=\"479\" data-end=\"677\">Mik\u00e4li esiintymistila sijaitsee erill\u00e4\u00e4n muusta juhlatilasta ja rakentaminen sek\u00e4 soundcheck voidaan toteuttaa huomaamattomasti kesken tilaisuuden, saavumme mielell\u00e4mme noin kaksi tuntia ennen esiintymisajan alkua.<\/p> <p data-start=\"679\" data-end=\"862\">Kalustomme kulkee isoissa, rullattavissa kuljetuslaatikoissa, joten toivomme esteet\u00f6nt\u00e4 reitti\u00e4 esiintymispaikalle.<\/p> <p data-start=\"2676\" data-end=\"2723\">Esiintymisen p\u00e4\u00e4tytty\u00e4 purku kest\u00e4\u00e4 noin tunnin.<\/p><\/li><\/ul>\n<ul><li><h4>Esiintymistila<\/h4><p data-start=\"2275\" data-end=\"2323\">Laadukas livemusiikki tarvitsee toimivan tilan.<\/p> <p data-start=\"2325\" data-end=\"2567\">Suositeltava esiintymisalueen koko on noin 5 x 4 metri\u00e4 (minimi 4 x 3 m). Esiintymisalueen tulee olla tasainen, tukeva, s\u00e4\u00e4lt\u00e4 suojattu ja turvallinen niin esiintyjille kuin laitteistoillekin. Varaathan lis\u00e4ksi my\u00f6s riitt\u00e4v\u00e4n ison tilan tanssilattialle.<\/p> <p data-start=\"2325\" data-end=\"2567\">Eritt\u00e4in kaikuisiin tiloihin\u00a0 (suuret hallit, kiviset salit yms.) suosittelemme harkitsemaan bileb\u00e4ndin asemesta akustisia kokoonpanoja.<\/p> <p data-start=\"2569\" data-end=\"2707\">Sovitamme \u00e4\u00e4nenvoimakkuuden aina tilaisuuden luonteeseen ja tilaan sopivaksi. Tarvittaessa toteutamme tapahtuman oman \u00e4\u00e4niteknikkomme kanssa.<\/p> <p data-start=\"2709\" data-end=\"2807\">Turvallisuussyist\u00e4 esiintymisalue on rajattu vain esiintyjille ja tekniikalle. Tilaaja vastaa siit\u00e4, ettei ulkopuolisia p\u00e4\u00e4se lavalle esiintyjien poissa ollessa.\u00a0<\/p><\/li><\/ul>\n<ul><li><h4>Tekniikka<\/h4><p>Meille riitt\u00e4\u00e4 normaali, maadoitettu verkkovirta. Jos voimavirtaa (16 A tai 32 A) on tarjolla lavalla, k\u00e4yt\u00e4mme ensisijaisesti sit\u00e4.\u00a0<\/p> <p>Maadoittamaton s\u00e4hk\u00f6 ei sovellu ammattik\u00e4ytt\u00f6\u00f6n \u2013 t\u00e4m\u00e4 on t\u00e4rke\u00e4\u00e4 varmistaa erityisesti vanhemmissa kiinteist\u00f6iss\u00e4. My\u00f6sk\u00e4\u00e4n aggregaatin tuottama s\u00e4hk\u00f6 ei sovellu k\u00e4ytt\u00f6\u00f6mme.<\/p> <p>Ulkotilaisuuksissa esiintymislavan tulee olla ammattilaisen rakentama ja turvallinen paikka ty\u00f6skennell\u00e4.<\/p><\/li><\/ul>\n<ul><li><h4>Esiintyjien hyvinvointi<\/h4><p data-start=\"156\" data-end=\"458\">Laadukas musiikkiesitys alkaa valmistautumisesta.<\/p> <p data-start=\"156\" data-end=\"458\">Tarvitsemme k\u00e4ytt\u00f6\u00f6mme rauhallisen, l\u00e4mpim\u00e4n ja kuivan tilan, jossa voimme vaihtaa vaatteet, keskitty\u00e4, verrytell\u00e4 ja valmistautua esiintymiseen. Asianmukaiset olosuhteet varmistavat, ett\u00e4 lavalle astuu energinen ja viimeistelty kokoonpano.<\/p> <p data-start=\"460\" data-end=\"666\">Mik\u00e4li tapahtumapaikalla ei ole erillist\u00e4 takahuonetta, my\u00f6s l\u00e4hist\u00f6ll\u00e4 sijaitseva hotellihuone tai airbnb-huoneisto toimii erinomaisesti valmistautumistilana. T\u00e4rkeint\u00e4 on, ett\u00e4 voimme valmistautua rauhassa ennen esiintymist\u00e4.<\/p> <p data-start=\"668\" data-end=\"857\">Useimmiten tilaaja j\u00e4rjest\u00e4\u00e4 esiintyjille ruokailun ennen illan ohjelmaa. Mik\u00e4li t\u00e4m\u00e4 ei ole mahdollista, toivomme siit\u00e4 ennakkotietoa, jotta osaamme varautua aikatauluihin asianmukaisesti.<\/p> <p data-start=\"859\" data-end=\"1058\">Vaikka varsinainen esiintyminen kest\u00e4\u00e4 muutaman tunnin, ty\u00f6p\u00e4iv\u00e4mme kokonaispituus on usein 12\u201316 tuntia, toisinaan pidempikin. Hyvin j\u00e4rjestetyt puitteet heijastuvat suoraan esityksen laatuun.<\/p> <p data-start=\"859\" data-end=\"1058\">Varmistathan, ett\u00e4 autollamme p\u00e4\u00e4see sujuvasti keikkapaikalle ja sille l\u00f6ytyy parkkipaikka esiintymistilan l\u00e4heisyydest\u00e4. K\u00e4yt\u00e4mme p\u00e4\u00e4s\u00e4\u00e4nt\u00f6isesti isoa pakettiautoa, joka ei mahdu tavallisiin parkkiruutuihin tai -halleihin.<\/p><\/li><\/ul>\n<ul><li><h4>\u00c4\u00e4nentoiston k\u00e4ytt\u00f6 muuhun ohjelmaan<\/h4><p>Etuk\u00e4teen sovittaessa \u00e4\u00e4nentoistoamme voitte k\u00e4ytt\u00e4\u00e4:<\/p> <ul> <li>Puheisiin<\/li> <li>Juontoihin<\/li> <li>Musiikin soittamiseen omalta laitteeltanne (esim. tabletilta)<\/li> <\/ul> <p><br>Tarjoamme puheita ja juontoja varten erillisen puhemikrofonin. \u00c4\u00e4nentoiston s\u00e4\u00e4d\u00f6ist\u00e4 vastaa aina b\u00e4ndin edustaja. Turvallisuus- ja laatutekij\u00f6ist\u00e4 johtuen ulkopuoliset eiv\u00e4t voi k\u00e4ytt\u00e4\u00e4 tai s\u00e4\u00e4t\u00e4\u00e4 laitteistoa itsen\u00e4isesti.<\/p> <p>Oman osuutemme j\u00e4lkeen alamme pian purkaa tekniikkaa, jolloin \u00e4\u00e4nentoistomme ei en\u00e4\u00e4 ole k\u00e4ytett\u00e4viss\u00e4.\u00a0<\/p><\/li><\/ul>\n<ul><li><h4>Lista juhlapaikoista<\/h4><p>Vuosien varrella olemme saaneet esiinty\u00e4 monissa Suomen arvostetuimmissa juhla- ja tapahtumatiloissa. Tunnemme niiden akustiikan, tilaratkaisut ja k\u00e4yt\u00e4nn\u00f6n toimivuuden.<\/p> <p>T\u00e4m\u00e4 kokemus antaa meille mahdollisuuden arvioida tilojen vahvuuksia kokonaisuuden kannalta: milt\u00e4 el\u00e4v\u00e4 musiikki tilassa kuulostaa, miten esiintymisalue asettuu osaksi juhlan estetiikkaa ja kuinka sujuvasti ilta etenee teknisesti ja tunnelmallisesti.<\/p> <p>Jos pohditte eri juhlapaikkojen vahvuuksia tai soveltuvuutta tilaisuuteenne, jaamme mielell\u00e4mme kokemuksemme \u2013 riippumatta siit\u00e4, oletteko jo tehneet p\u00e4\u00e4t\u00f6ksen esiintyj\u00e4st\u00e4.<\/p> <p>Alta l\u00f6yd\u00e4tte listan tiloista, joissa olemme esiintyneet. Voitte olla meihin yhteydess\u00e4 matalalla kynnyksell\u00e4, niin kerromme n\u00e4kemyksemme ja autamme l\u00f6yt\u00e4m\u00e4\u00e4n teille parhaiten toimivan juhlapaikan.<\/p> <p>Alavus, Kuorasj\u00e4rven Kartano<br>Espoo, Hype-areena<br>Eurajoki, Villa Lokari<br>Fiskars, Puimala<br>Helsinki, Finlandia-talo<br>Helsinki, Gillet, Festsal<br>Helsinki, Hotel K\u00e4mp<br>Helsinki, Kaarle XII<br>Helsinki, Katajanokan Kasino<br>Helsinki, Kulosaaren Casino<br>Helsinki, Mummotunneli<br>Helsinki, Ravintola Saaristo<br>Helsinki, Rymy-Eetu<br>Helsinki, Vanha Ylioppilastalo<br>Helsinki, Villa Haka<br>Helsinki, Wanha Satama<br>Huittinen, Suttilan NS-talo<br>Hyvink\u00e4\u00e4, Hotelli Sveitsi<br>H\u00e4meenlinna, Vanajanlinna<br>Jalasj\u00e4rvi, Raittiustalo<br>Joensuu, Utran Uittotupa<br>Jyv\u00e4skyl\u00e4, London<br>Jyv\u00e4skyl\u00e4, Savutuvan apaja<br>J\u00e4ms\u00e4, Himos-Areena<br>Kaarina, Ala-Lemun Kartano<br>Kaarina, Kavalton tila<br>Kaarina, Piikki\u00f6n Kehityksen kerhotalo<br>Lemp\u00e4\u00e4l\u00e4, Nurmen lava<br>Lemu, Nyyn\u00e4isten Wintti<br>Lieto, Vanhalinna<br>Lieto, Villa J\u00e4rvel\u00e4<br>Lieto, Zoolandia<br>Loimaa, Pappisten Lava<br>Luvia, Tasala<br>Masku, Nyyn\u00e4isten Wintti<br>M\u00e4nts\u00e4l\u00e4, Hirvihaaran kartano<br>Naantali, Kaivohuone<br>Naantali, Muumimaailma<br>Nousiainen, Villa P\u00e4hkin\u00e4m\u00e4ki<br>Orivesi, Aaltosaha<br>Paimio, Karhulampi<br>Parainen, Kappelinranta<br>Pirkkala, Haikan lava<br>P\u00f6yty\u00e4, Kynt\u00e4j\u00e4ntupa<br>Raisio, Hintsan Vintti<br>Rauma, Kollan Kalliopirtti<br>Tampere, Finlaysonin Palatsi<br>Tampere, Haulitehdas<br>Tampere, Hotelli Torni<br>Tampere, Kiviojan Helmi<br>Tampere, Rymy-Eetu<br>Turku, Akatemiatalo<br>Turku, Apollo<br>Turku, BioCity<br>Turku, B\u00f6rs<br>Turku, EduCity<br>Turku, Hirvilampi<br>Turku, Hotelli Kakola<br>Turku, Klubi<br>Turku, Kreivil\u00e4n Kivinavetta<br>Turku, Kupittaan Paviljonki<br>Turku, Logomo<br>Turku, Manilla<br>Turku, Marina Palace<br>Turku, Merikarina<br>Turku, Messukeskus<br>Turku, Raatihuoneen juhlasali<br>Turku, Ravintola Suomalainen Pohja<br>Turku, Rientola<br>Turku, Ruissalon Kansanpuiston Juhlasali<br>Turku, Ruissalon Telakka<br>Turku, Submarina<br>Turku, Terassen Mat &amp; Bar<br>Turku, Tiirikkala<br>Turku, Turun Linna<br>Turku, Upseerikerho<br>Turku, VPK-talo<br>Uusikaupunki, Gasthaus Pooki<br>Uusikaupunki, Pryki<br>Uusikaupunki, Wintteri<br>Vaasa, Waild<br>Valkeakoski, Ritvalan NS-talo<br>V\u00e4\u00e4ksy, Villa Estelle<br>Ylistaro, Kainaston NS-talo<\/p> <p>Sek\u00e4 monta muuta.<\/p><\/li><\/ul>","_links":{"self":[{"href":"https:\/\/www.coverit.fi\/index.php?rest_route=\/wp\/v2\/pages\/1233","targetHints":{"allow":["GET"]}}],"collection":[{"href":"https:\/\/www.coverit.fi\/index.php?rest_route=\/wp\/v2\/pages"}],"about":[{"href":"https:\/\/www.coverit.fi\/index.php?rest_route=\/wp\/v2\/types\/page"}],"author":[{"embeddable":true,"href":"https:\/\/www.coverit.fi\/index.php?rest_route=\/wp\/v2\/users\/1"}],"replies":[{"embeddable":true,"href":"https:\/\/www.coverit.fi\/index.php?rest_route=%2Fwp%2Fv2%2Fcomments&post=1233"}],"version-history":[{"count":44,"href":"https:\/\/www.coverit.fi\/index.php?rest_route=\/wp\/v2\/pages\/1233\/revisions"}],"predecessor-version":[{"id":2075,"href":"https:\/\/www.coverit.fi\/index.php?rest_route=\/wp\/v2\/pages\/1233\/revisions\/2075"}],"wp:attachment":[{"href":"https:\/\/www.coverit.fi\/index.php?rest_route=%2Fwp%2Fv2%2Fmedia&parent=1233"}],"curies":[{"name":"wp","href":"https:\/\/api.w.org\/{rel}","templated":true}]}}