{"id":1314,"date":"2024-12-07T11:13:15","date_gmt":"2024-12-07T11:13:15","guid":{"rendered":"https:\/\/www.coverit.fi\/?page_id=1314"},"modified":"2025-07-01T07:54:18","modified_gmt":"2025-07-01T07:54:18","slug":"media","status":"publish","type":"page","link":"https:\/\/www.coverit.fi\/?page_id=1314","title":{"rendered":"Media"},"content":{"rendered":"<!-- wp:themify-builder\/canvas \/-->","protected":false},"excerpt":{"rendered":"","protected":false},"author":1,"featured_media":0,"parent":0,"menu_order":0,"comment_status":"closed","ping_status":"closed","template":"","meta":{"ocean_post_layout":"","ocean_both_sidebars_style":"","ocean_both_sidebars_content_width":0,"ocean_both_sidebars_sidebars_width":0,"ocean_sidebar":"","ocean_second_sidebar":"","ocean_disable_margins":"enable","ocean_add_body_class":"","ocean_shortcode_before_top_bar":"","ocean_shortcode_after_top_bar":"","ocean_shortcode_before_header":"","ocean_shortcode_after_header":"","ocean_has_shortcode":"","ocean_shortcode_after_title":"","ocean_shortcode_before_footer_widgets":"","ocean_shortcode_after_footer_widgets":"","ocean_shortcode_before_footer_bottom":"","ocean_shortcode_after_footer_bottom":"","ocean_display_top_bar":"default","ocean_display_header":"default","ocean_header_style":"","ocean_center_header_left_menu":"","ocean_custom_header_template":"","ocean_custom_logo":0,"ocean_custom_retina_logo":0,"ocean_custom_logo_max_width":0,"ocean_custom_logo_tablet_max_width":0,"ocean_custom_logo_mobile_max_width":0,"ocean_custom_logo_max_height":0,"ocean_custom_logo_tablet_max_height":0,"ocean_custom_logo_mobile_max_height":0,"ocean_header_custom_menu":"","ocean_menu_typo_font_family":"","ocean_menu_typo_font_subset":"","ocean_menu_typo_font_size":0,"ocean_menu_typo_font_size_tablet":0,"ocean_menu_typo_font_size_mobile":0,"ocean_menu_typo_font_size_unit":"px","ocean_menu_typo_font_weight":"","ocean_menu_typo_font_weight_tablet":"","ocean_menu_typo_font_weight_mobile":"","ocean_menu_typo_transform":"","ocean_menu_typo_transform_tablet":"","ocean_menu_typo_transform_mobile":"","ocean_menu_typo_line_height":0,"ocean_menu_typo_line_height_tablet":0,"ocean_menu_typo_line_height_mobile":0,"ocean_menu_typo_line_height_unit":"","ocean_menu_typo_spacing":0,"ocean_menu_typo_spacing_tablet":0,"ocean_menu_typo_spacing_mobile":0,"ocean_menu_typo_spacing_unit":"","ocean_menu_link_color":"","ocean_menu_link_color_hover":"","ocean_menu_link_color_active":"","ocean_menu_link_background":"","ocean_menu_link_hover_background":"","ocean_menu_link_active_background":"","ocean_menu_social_links_bg":"","ocean_menu_social_hover_links_bg":"","ocean_menu_social_links_color":"","ocean_menu_social_hover_links_color":"","ocean_disable_title":"default","ocean_disable_heading":"default","ocean_post_title":"","ocean_post_subheading":"","ocean_post_title_style":"","ocean_post_title_background_color":"","ocean_post_title_background":0,"ocean_post_title_bg_image_position":"","ocean_post_title_bg_image_attachment":"","ocean_post_title_bg_image_repeat":"","ocean_post_title_bg_image_size":"","ocean_post_title_height":0,"ocean_post_title_bg_overlay":0.5,"ocean_post_title_bg_overlay_color":"","ocean_disable_breadcrumbs":"default","ocean_breadcrumbs_color":"","ocean_breadcrumbs_separator_color":"","ocean_breadcrumbs_links_color":"","ocean_breadcrumbs_links_hover_color":"","ocean_display_footer_widgets":"default","ocean_display_footer_bottom":"default","ocean_custom_footer_template":"","omw_enable_modal_window":"enable","iawp_total_views":96,"footnotes":""},"class_list":["post-1314","page","type-page","status-publish","hentry","entry"],"builder_content":"<h1>Logot ja promokuvat<br\/>Kuvia saa k\u00e4ytt\u00e4\u00e4 vapaasti Covers & Loversin markkinointiin<\/h1>\n<h3>LOGO<\/h3>\n<a href=\"https:\/\/www.coverit.fi\/wp-content\/uploads\/2024\/12\/1920x1080_white_bg_color_text.png\" rel=\"noopener\" target=\"_blank\"> <img src=\"https:\/\/www.coverit.fi\/wp-content\/uploads\/2024\/12\/1920x1080_white_bg_color_text.png\" title=\"1920x1080_white_bg_color_text\" alt=\"1920x1080_white_bg_color_text\" srcset=\"https:\/\/www.coverit.fi\/wp-content\/uploads\/2024\/12\/1920x1080_white_bg_color_text.png 1920w, https:\/\/www.coverit.fi\/wp-content\/uploads\/2024\/12\/1920x1080_white_bg_color_text-300x169.png 300w, https:\/\/www.coverit.fi\/wp-content\/uploads\/2024\/12\/1920x1080_white_bg_color_text-1024x576.png 1024w, https:\/\/www.coverit.fi\/wp-content\/uploads\/2024\/12\/1920x1080_white_bg_color_text-768x432.png 768w, https:\/\/www.coverit.fi\/wp-content\/uploads\/2024\/12\/1920x1080_white_bg_color_text-1536x864.png 1536w, https:\/\/www.coverit.fi\/wp-content\/uploads\/2024\/12\/1920x1080_white_bg_color_text-800x450.png 800w, https:\/\/www.coverit.fi\/wp-content\/uploads\/2024\/12\/1920x1080_white_bg_color_text-206x116.png 206w, https:\/\/www.coverit.fi\/wp-content\/uploads\/2024\/12\/1920x1080_white_bg_color_text-1024x576-360x202.png 360w\" sizes=\"(max-width: 1920px) 100vw, 1920px\" \/> <\/a>\n1920 x 1080 px <br>White background, <br>colored text\n<h3>LOGO<\/h3>\n<a href=\"https:\/\/www.coverit.fi\/wp-content\/uploads\/2024\/12\/1920x1080_transp_bg_color_text.png\" rel=\"noopener\" target=\"_blank\"> <img src=\"https:\/\/www.coverit.fi\/wp-content\/uploads\/2024\/12\/1920x1080_transp_bg_color_text.png\" title=\"1920x1080_transp_bg_color_text\" alt=\"1920x1080_transp_bg_color_text\" srcset=\"https:\/\/www.coverit.fi\/wp-content\/uploads\/2024\/12\/1920x1080_transp_bg_color_text.png 1920w, https:\/\/www.coverit.fi\/wp-content\/uploads\/2024\/12\/1920x1080_transp_bg_color_text-300x169.png 300w, https:\/\/www.coverit.fi\/wp-content\/uploads\/2024\/12\/1920x1080_transp_bg_color_text-1024x576.png 1024w, https:\/\/www.coverit.fi\/wp-content\/uploads\/2024\/12\/1920x1080_transp_bg_color_text-768x432.png 768w, https:\/\/www.coverit.fi\/wp-content\/uploads\/2024\/12\/1920x1080_transp_bg_color_text-1536x864.png 1536w, https:\/\/www.coverit.fi\/wp-content\/uploads\/2024\/12\/1920x1080_transp_bg_color_text-800x450.png 800w, https:\/\/www.coverit.fi\/wp-content\/uploads\/2024\/12\/1920x1080_transp_bg_color_text-206x116.png 206w, https:\/\/www.coverit.fi\/wp-content\/uploads\/2024\/12\/1920x1080_transp_bg_color_text-1024x576-360x202.png 360w\" sizes=\"(max-width: 1920px) 100vw, 1920px\" \/> <\/a>\n1920 x 1080 px <br>Transparent background, <br>colored text\n<h3>LOGO<\/h3>\n<a href=\"https:\/\/www.coverit.fi\/wp-content\/uploads\/2024\/12\/1920x1080_black_bg_white_text.jpg\" rel=\"noopener\" target=\"_blank\"> <img src=\"https:\/\/www.coverit.fi\/wp-content\/uploads\/2024\/12\/1920x1080_black_bg_white_text.jpg\" title=\"1920x1080_black_bg_white_text\" alt=\"1920x1080_black_bg_white_text\" srcset=\"https:\/\/www.coverit.fi\/wp-content\/uploads\/2024\/12\/1920x1080_black_bg_white_text.jpg 1920w, https:\/\/www.coverit.fi\/wp-content\/uploads\/2024\/12\/1920x1080_black_bg_white_text-300x169.jpg 300w, https:\/\/www.coverit.fi\/wp-content\/uploads\/2024\/12\/1920x1080_black_bg_white_text-1024x576.jpg 1024w, https:\/\/www.coverit.fi\/wp-content\/uploads\/2024\/12\/1920x1080_black_bg_white_text-768x432.jpg 768w, https:\/\/www.coverit.fi\/wp-content\/uploads\/2024\/12\/1920x1080_black_bg_white_text-1536x864.jpg 1536w, https:\/\/www.coverit.fi\/wp-content\/uploads\/2024\/12\/1920x1080_black_bg_white_text-800x450.jpg 800w, https:\/\/www.coverit.fi\/wp-content\/uploads\/2024\/12\/1920x1080_black_bg_white_text-206x116.jpg 206w, https:\/\/www.coverit.fi\/wp-content\/uploads\/2024\/12\/1920x1080_black_bg_white_text-1024x576-360x202.jpg 360w\" sizes=\"(max-width: 1920px) 100vw, 1920px\" \/> <\/a>\n1920 x 1080 px<br>Black background,<br>white text\n<h3>LOGO<\/h3>\n<a href=\"https:\/\/www.coverit.fi\/wp-content\/uploads\/2024\/12\/1920x1080_black_bg_color_text.jpg\" rel=\"noopener\" target=\"_blank\"> <img src=\"https:\/\/www.coverit.fi\/wp-content\/uploads\/2024\/12\/1920x1080_black_bg_color_text.jpg\" title=\"1920x1080_black_bg_color_text\" alt=\"1920x1080_black_bg_color_text\" srcset=\"https:\/\/www.coverit.fi\/wp-content\/uploads\/2024\/12\/1920x1080_black_bg_color_text.jpg 1920w, https:\/\/www.coverit.fi\/wp-content\/uploads\/2024\/12\/1920x1080_black_bg_color_text-300x169.jpg 300w, https:\/\/www.coverit.fi\/wp-content\/uploads\/2024\/12\/1920x1080_black_bg_color_text-1024x576.jpg 1024w, https:\/\/www.coverit.fi\/wp-content\/uploads\/2024\/12\/1920x1080_black_bg_color_text-768x432.jpg 768w, https:\/\/www.coverit.fi\/wp-content\/uploads\/2024\/12\/1920x1080_black_bg_color_text-1536x864.jpg 1536w, https:\/\/www.coverit.fi\/wp-content\/uploads\/2024\/12\/1920x1080_black_bg_color_text-800x450.jpg 800w, https:\/\/www.coverit.fi\/wp-content\/uploads\/2024\/12\/1920x1080_black_bg_color_text-206x116.jpg 206w, https:\/\/www.coverit.fi\/wp-content\/uploads\/2024\/12\/1920x1080_black_bg_color_text-1024x576-360x202.jpg 360w\" sizes=\"(max-width: 1920px) 100vw, 1920px\" \/> <\/a>\n1920 x 1080 px <br>Black background, <br>colored text\n<h3>PROMO<\/h3>\n<a href=\"https:\/\/www.coverit.fi\/wp-content\/uploads\/2025\/07\/Covers__Lovers_kuvaaja_Milla_Ilkamo_1-scaled.jpg\" rel=\"noopener\" target=\"_blank\"> <img src=\"https:\/\/www.coverit.fi\/wp-content\/uploads\/2025\/07\/Covers__Lovers_kuvaaja_Milla_Ilkamo_1-scaled.jpg\" title=\"Covers_&amp;_Lovers_kuvaaja_Milla_Ilkamo_1\" alt=\"Covers_&amp;_Lovers_kuvaaja_Milla_Ilkamo_1\" srcset=\"https:\/\/www.coverit.fi\/wp-content\/uploads\/2025\/07\/Covers__Lovers_kuvaaja_Milla_Ilkamo_1-scaled.jpg 1703w, https:\/\/www.coverit.fi\/wp-content\/uploads\/2025\/07\/Covers__Lovers_kuvaaja_Milla_Ilkamo_1-200x300.jpg 200w, https:\/\/www.coverit.fi\/wp-content\/uploads\/2025\/07\/Covers__Lovers_kuvaaja_Milla_Ilkamo_1-681x1024.jpg 681w, https:\/\/www.coverit.fi\/wp-content\/uploads\/2025\/07\/Covers__Lovers_kuvaaja_Milla_Ilkamo_1-768x1154.jpg 768w, https:\/\/www.coverit.fi\/wp-content\/uploads\/2025\/07\/Covers__Lovers_kuvaaja_Milla_Ilkamo_1-1022x1536.jpg 1022w, https:\/\/www.coverit.fi\/wp-content\/uploads\/2025\/07\/Covers__Lovers_kuvaaja_Milla_Ilkamo_1-1362x2048.jpg 1362w, https:\/\/www.coverit.fi\/wp-content\/uploads\/2025\/07\/Covers__Lovers_kuvaaja_Milla_Ilkamo_1-77x116.jpg 77w\" sizes=\"(max-width: 1703px) 100vw, 1703px\" \/> <\/a>\nPhoto: Milla Ilkamo\n<h3 style=\"font-variant-ligatures: normal; font-variant-caps: normal; font-style: normal;\">PROMO<\/h3>\n<a href=\"https:\/\/www.coverit.fi\/wp-content\/uploads\/2025\/07\/Covers__Lovers_kuvaaja_Milla_Ilkamo_2-scaled.jpg\" rel=\"noopener\" target=\"_blank\"> <img src=\"https:\/\/www.coverit.fi\/wp-content\/uploads\/2025\/07\/Covers__Lovers_kuvaaja_Milla_Ilkamo_2-scaled.jpg\" title=\"Covers_&amp;_Lovers_kuvaaja_Milla_Ilkamo_2\" alt=\"Covers_&amp;_Lovers_kuvaaja_Milla_Ilkamo_2\" srcset=\"https:\/\/www.coverit.fi\/wp-content\/uploads\/2025\/07\/Covers__Lovers_kuvaaja_Milla_Ilkamo_2-scaled.jpg 2048w, https:\/\/www.coverit.fi\/wp-content\/uploads\/2025\/07\/Covers__Lovers_kuvaaja_Milla_Ilkamo_2-240x300.jpg 240w, https:\/\/www.coverit.fi\/wp-content\/uploads\/2025\/07\/Covers__Lovers_kuvaaja_Milla_Ilkamo_2-819x1024.jpg 819w, https:\/\/www.coverit.fi\/wp-content\/uploads\/2025\/07\/Covers__Lovers_kuvaaja_Milla_Ilkamo_2-768x960.jpg 768w, https:\/\/www.coverit.fi\/wp-content\/uploads\/2025\/07\/Covers__Lovers_kuvaaja_Milla_Ilkamo_2-1229x1536.jpg 1229w, https:\/\/www.coverit.fi\/wp-content\/uploads\/2025\/07\/Covers__Lovers_kuvaaja_Milla_Ilkamo_2-1638x2048.jpg 1638w, https:\/\/www.coverit.fi\/wp-content\/uploads\/2025\/07\/Covers__Lovers_kuvaaja_Milla_Ilkamo_2-93x116.jpg 93w\" sizes=\"(max-width: 2048px) 100vw, 2048px\" \/> <\/a>\nPhoto: Milla Ilkamo\n<h3 style=\"font-variant-ligatures: normal; font-variant-caps: normal; font-style: normal;\">PROMO<\/h3>\n<a href=\"https:\/\/www.coverit.fi\/wp-content\/uploads\/2025\/07\/Covers__Lovers_kuvaaja_Milla_Ilkamo_3-scaled.jpg\" rel=\"noopener\" target=\"_blank\"> <img src=\"https:\/\/www.coverit.fi\/wp-content\/uploads\/2025\/07\/Covers__Lovers_kuvaaja_Milla_Ilkamo_3-scaled.jpg\" title=\"Covers_&amp;_Lovers_kuvaaja_Milla_Ilkamo_3\" alt=\"Covers_&amp;_Lovers_kuvaaja_Milla_Ilkamo_3\" srcset=\"https:\/\/www.coverit.fi\/wp-content\/uploads\/2025\/07\/Covers__Lovers_kuvaaja_Milla_Ilkamo_3-scaled.jpg 2560w, https:\/\/www.coverit.fi\/wp-content\/uploads\/2025\/07\/Covers__Lovers_kuvaaja_Milla_Ilkamo_3-300x200.jpg 300w, https:\/\/www.coverit.fi\/wp-content\/uploads\/2025\/07\/Covers__Lovers_kuvaaja_Milla_Ilkamo_3-1024x681.jpg 1024w, https:\/\/www.coverit.fi\/wp-content\/uploads\/2025\/07\/Covers__Lovers_kuvaaja_Milla_Ilkamo_3-768x511.jpg 768w, https:\/\/www.coverit.fi\/wp-content\/uploads\/2025\/07\/Covers__Lovers_kuvaaja_Milla_Ilkamo_3-1536x1022.jpg 1536w, https:\/\/www.coverit.fi\/wp-content\/uploads\/2025\/07\/Covers__Lovers_kuvaaja_Milla_Ilkamo_3-2048x1362.jpg 2048w, https:\/\/www.coverit.fi\/wp-content\/uploads\/2025\/07\/Covers__Lovers_kuvaaja_Milla_Ilkamo_3-174x116.jpg 174w\" sizes=\"(max-width: 2560px) 100vw, 2560px\" \/> <\/a>\nPhoto: Milla Ilkamo\n<h3 style=\"font-variant-ligatures: normal; font-variant-caps: normal; font-style: normal;\">PROMO<\/h3>\n<a href=\"https:\/\/www.coverit.fi\/wp-content\/uploads\/2025\/07\/Covers__Lovers_kuvaaja_Milla_Ilkamo_5-scaled.jpg\" rel=\"noopener\" target=\"_blank\"> <img src=\"https:\/\/www.coverit.fi\/wp-content\/uploads\/2025\/07\/Covers__Lovers_kuvaaja_Milla_Ilkamo_5-scaled.jpg\" title=\"Covers_&amp;_Lovers_kuvaaja_Milla_Ilkamo_5\" alt=\"Covers_&amp;_Lovers_kuvaaja_Milla_Ilkamo_5\" srcset=\"https:\/\/www.coverit.fi\/wp-content\/uploads\/2025\/07\/Covers__Lovers_kuvaaja_Milla_Ilkamo_5-scaled.jpg 1703w, https:\/\/www.coverit.fi\/wp-content\/uploads\/2025\/07\/Covers__Lovers_kuvaaja_Milla_Ilkamo_5-200x300.jpg 200w, https:\/\/www.coverit.fi\/wp-content\/uploads\/2025\/07\/Covers__Lovers_kuvaaja_Milla_Ilkamo_5-681x1024.jpg 681w, https:\/\/www.coverit.fi\/wp-content\/uploads\/2025\/07\/Covers__Lovers_kuvaaja_Milla_Ilkamo_5-768x1154.jpg 768w, https:\/\/www.coverit.fi\/wp-content\/uploads\/2025\/07\/Covers__Lovers_kuvaaja_Milla_Ilkamo_5-1022x1536.jpg 1022w, https:\/\/www.coverit.fi\/wp-content\/uploads\/2025\/07\/Covers__Lovers_kuvaaja_Milla_Ilkamo_5-1362x2048.jpg 1362w, https:\/\/www.coverit.fi\/wp-content\/uploads\/2025\/07\/Covers__Lovers_kuvaaja_Milla_Ilkamo_5-77x116.jpg 77w\" sizes=\"(max-width: 1703px) 100vw, 1703px\" \/> <\/a>\nPhoto: Milla Ilkamo\n<h3 style=\"font-variant-ligatures: normal; font-variant-caps: normal; font-style: normal;\">PROMO<\/h3>\n<a href=\"https:\/\/www.coverit.fi\/wp-content\/uploads\/2025\/07\/Covers__Lovers_kuvaaja_Milla_Ilkamo_6-scaled.jpg\" rel=\"noopener\" target=\"_blank\"> <img src=\"https:\/\/www.coverit.fi\/wp-content\/uploads\/2025\/07\/Covers__Lovers_kuvaaja_Milla_Ilkamo_6-scaled.jpg\" title=\"Covers_&amp;_Lovers_kuvaaja_Milla_Ilkamo_6\" alt=\"Covers_&amp;_Lovers_kuvaaja_Milla_Ilkamo_6\" srcset=\"https:\/\/www.coverit.fi\/wp-content\/uploads\/2025\/07\/Covers__Lovers_kuvaaja_Milla_Ilkamo_6-scaled.jpg 1703w, https:\/\/www.coverit.fi\/wp-content\/uploads\/2025\/07\/Covers__Lovers_kuvaaja_Milla_Ilkamo_6-200x300.jpg 200w, https:\/\/www.coverit.fi\/wp-content\/uploads\/2025\/07\/Covers__Lovers_kuvaaja_Milla_Ilkamo_6-681x1024.jpg 681w, https:\/\/www.coverit.fi\/wp-content\/uploads\/2025\/07\/Covers__Lovers_kuvaaja_Milla_Ilkamo_6-768x1154.jpg 768w, https:\/\/www.coverit.fi\/wp-content\/uploads\/2025\/07\/Covers__Lovers_kuvaaja_Milla_Ilkamo_6-1022x1536.jpg 1022w, https:\/\/www.coverit.fi\/wp-content\/uploads\/2025\/07\/Covers__Lovers_kuvaaja_Milla_Ilkamo_6-1362x2048.jpg 1362w, https:\/\/www.coverit.fi\/wp-content\/uploads\/2025\/07\/Covers__Lovers_kuvaaja_Milla_Ilkamo_6-77x116.jpg 77w\" sizes=\"(max-width: 1703px) 100vw, 1703px\" \/> <\/a>\nPhoto: Milla Ilkamo\n<h3 style=\"font-variant-ligatures: normal; font-variant-caps: normal; font-style: normal;\">PROMO<\/h3>\n<a href=\"https:\/\/www.coverit.fi\/wp-content\/uploads\/2025\/06\/COVER-LOVERS_Tulisuudelma_2025_Kuvat-MillaIlkamo_@millaemiliart-DSC_3807-scaled.jpg\" rel=\"noopener\" target=\"_blank\"> <img src=\"https:\/\/www.coverit.fi\/wp-content\/uploads\/2025\/06\/COVER-LOVERS_Tulisuudelma_2025_Kuvat-MillaIlkamo_@millaemiliart-DSC_3807-scaled.jpg\" title=\"COVER-&amp;-LOVERS_Tulisuudelma_2025_Kuvat-MillaIlkamo_@millaemiliart-DSC_3807\" alt=\"COVER-&amp;-LOVERS_Tulisuudelma_2025_Kuvat-MillaIlkamo_@millaemiliart-DSC_3807\" srcset=\"https:\/\/www.coverit.fi\/wp-content\/uploads\/2025\/06\/COVER-LOVERS_Tulisuudelma_2025_Kuvat-MillaIlkamo_@millaemiliart-DSC_3807-scaled.jpg 2560w, https:\/\/www.coverit.fi\/wp-content\/uploads\/2025\/06\/COVER-LOVERS_Tulisuudelma_2025_Kuvat-MillaIlkamo_@millaemiliart-DSC_3807-300x200.jpg 300w, https:\/\/www.coverit.fi\/wp-content\/uploads\/2025\/06\/COVER-LOVERS_Tulisuudelma_2025_Kuvat-MillaIlkamo_@millaemiliart-DSC_3807-1024x681.jpg 1024w, https:\/\/www.coverit.fi\/wp-content\/uploads\/2025\/06\/COVER-LOVERS_Tulisuudelma_2025_Kuvat-MillaIlkamo_@millaemiliart-DSC_3807-768x511.jpg 768w, https:\/\/www.coverit.fi\/wp-content\/uploads\/2025\/06\/COVER-LOVERS_Tulisuudelma_2025_Kuvat-MillaIlkamo_@millaemiliart-DSC_3807-1536x1022.jpg 1536w, https:\/\/www.coverit.fi\/wp-content\/uploads\/2025\/06\/COVER-LOVERS_Tulisuudelma_2025_Kuvat-MillaIlkamo_@millaemiliart-DSC_3807-2048x1362.jpg 2048w, https:\/\/www.coverit.fi\/wp-content\/uploads\/2025\/06\/COVER-LOVERS_Tulisuudelma_2025_Kuvat-MillaIlkamo_@millaemiliart-DSC_3807-174x116.jpg 174w\" sizes=\"(max-width: 2560px) 100vw, 2560px\" \/> <\/a>\nPhoto: Milla Ilkamo\n<h3 style=\"font-variant-ligatures: normal; font-variant-caps: normal; font-style: normal;\">PROMO<\/h3>\n<a href=\"https:\/\/www.coverit.fi\/wp-content\/uploads\/2025\/07\/Covers__Lovers_kuvaaja_Milla_Ilkamo_8-scaled.jpg\" rel=\"noopener\" target=\"_blank\"> <img src=\"https:\/\/www.coverit.fi\/wp-content\/uploads\/2025\/07\/Covers__Lovers_kuvaaja_Milla_Ilkamo_8-scaled.jpg\" title=\"Covers_&amp;_Lovers_kuvaaja_Milla_Ilkamo_8\" alt=\"Covers_&amp;_Lovers_kuvaaja_Milla_Ilkamo_8\" srcset=\"https:\/\/www.coverit.fi\/wp-content\/uploads\/2025\/07\/Covers__Lovers_kuvaaja_Milla_Ilkamo_8-scaled.jpg 2560w, https:\/\/www.coverit.fi\/wp-content\/uploads\/2025\/07\/Covers__Lovers_kuvaaja_Milla_Ilkamo_8-300x200.jpg 300w, https:\/\/www.coverit.fi\/wp-content\/uploads\/2025\/07\/Covers__Lovers_kuvaaja_Milla_Ilkamo_8-1024x681.jpg 1024w, https:\/\/www.coverit.fi\/wp-content\/uploads\/2025\/07\/Covers__Lovers_kuvaaja_Milla_Ilkamo_8-768x511.jpg 768w, https:\/\/www.coverit.fi\/wp-content\/uploads\/2025\/07\/Covers__Lovers_kuvaaja_Milla_Ilkamo_8-1536x1022.jpg 1536w, https:\/\/www.coverit.fi\/wp-content\/uploads\/2025\/07\/Covers__Lovers_kuvaaja_Milla_Ilkamo_8-2048x1362.jpg 2048w, https:\/\/www.coverit.fi\/wp-content\/uploads\/2025\/07\/Covers__Lovers_kuvaaja_Milla_Ilkamo_8-174x116.jpg 174w\" sizes=\"(max-width: 2560px) 100vw, 2560px\" \/> <\/a>\nPhoto: Milla Ilkamo\n<h3 style=\"font-variant-ligatures: normal; font-variant-caps: normal; font-style: normal;\">PROMO<\/h3>\n<a href=\"https:\/\/www.coverit.fi\/wp-content\/uploads\/2025\/07\/Covers__Lovers_kuvaaja_Milla_Ilkamo_9-scaled.jpg\" rel=\"noopener\" target=\"_blank\"> <img src=\"https:\/\/www.coverit.fi\/wp-content\/uploads\/2025\/07\/Covers__Lovers_kuvaaja_Milla_Ilkamo_9-scaled.jpg\" title=\"Covers_&amp;_Lovers_kuvaaja_Milla_Ilkamo_9\" alt=\"Covers_&amp;_Lovers_kuvaaja_Milla_Ilkamo_9\" srcset=\"https:\/\/www.coverit.fi\/wp-content\/uploads\/2025\/07\/Covers__Lovers_kuvaaja_Milla_Ilkamo_9-scaled.jpg 2560w, https:\/\/www.coverit.fi\/wp-content\/uploads\/2025\/07\/Covers__Lovers_kuvaaja_Milla_Ilkamo_9-300x200.jpg 300w, https:\/\/www.coverit.fi\/wp-content\/uploads\/2025\/07\/Covers__Lovers_kuvaaja_Milla_Ilkamo_9-1024x681.jpg 1024w, https:\/\/www.coverit.fi\/wp-content\/uploads\/2025\/07\/Covers__Lovers_kuvaaja_Milla_Ilkamo_9-768x511.jpg 768w, https:\/\/www.coverit.fi\/wp-content\/uploads\/2025\/07\/Covers__Lovers_kuvaaja_Milla_Ilkamo_9-1536x1022.jpg 1536w, https:\/\/www.coverit.fi\/wp-content\/uploads\/2025\/07\/Covers__Lovers_kuvaaja_Milla_Ilkamo_9-2048x1362.jpg 2048w, https:\/\/www.coverit.fi\/wp-content\/uploads\/2025\/07\/Covers__Lovers_kuvaaja_Milla_Ilkamo_9-174x116.jpg 174w\" sizes=\"(max-width: 2560px) 100vw, 2560px\" \/> <\/a>\nPhoto: Milla Ilkamo","_links":{"self":[{"href":"https:\/\/www.coverit.fi\/index.php?rest_route=\/wp\/v2\/pages\/1314","targetHints":{"allow":["GET"]}}],"collection":[{"href":"https:\/\/www.coverit.fi\/index.php?rest_route=\/wp\/v2\/pages"}],"about":[{"href":"https:\/\/www.coverit.fi\/index.php?rest_route=\/wp\/v2\/types\/page"}],"author":[{"embeddable":true,"href":"https:\/\/www.coverit.fi\/index.php?rest_route=\/wp\/v2\/users\/1"}],"replies":[{"embeddable":true,"href":"https:\/\/www.coverit.fi\/index.php?rest_route=%2Fwp%2Fv2%2Fcomments&post=1314"}],"version-history":[{"count":16,"href":"https:\/\/www.coverit.fi\/index.php?rest_route=\/wp\/v2\/pages\/1314\/revisions"}],"predecessor-version":[{"id":1665,"href":"https:\/\/www.coverit.fi\/index.php?rest_route=\/wp\/v2\/pages\/1314\/revisions\/1665"}],"wp:attachment":[{"href":"https:\/\/www.coverit.fi\/index.php?rest_route=%2Fwp%2Fv2%2Fmedia&parent=1314"}],"curies":[{"name":"wp","href":"https:\/\/api.w.org\/{rel}","templated":true}]}}